{"id":1225,"date":"2023-11-22T10:50:11","date_gmt":"2023-11-22T10:50:11","guid":{"rendered":"https:\/\/turkblogs.com\/privacy-policy\/"},"modified":"2023-12-06T13:15:29","modified_gmt":"2023-12-06T13:15:29","slug":"privacy-policy","status":"publish","type":"page","link":"https:\/\/turkblogs.com\/tr\/privacy-policy\/","title":{"rendered":"Gizlilik Politikas\u0131"},"content":{"rendered":"\n<p><br\/><strong>Son g\u00fcncelleme tarihi: 30 Kas\u0131m 2023<\/strong><\/p>\n\n<p>Turk Blogs olarak gizlilik haklar\u0131n\u0131z\u0131 \u00f6nemsiyoruz ve bize sa\u011flad\u0131\u011f\u0131n\u0131z bilgileri korumay\u0131 taahh\u00fct ediyoruz. Sitemizi ziyaret etti\u011finizde sa\u011flad\u0131\u011f\u0131n\u0131z ki\u015fisel bilgileri nas\u0131l toplad\u0131\u011f\u0131m\u0131z\u0131, kulland\u0131\u011f\u0131m\u0131z\u0131 ve korudu\u011fumuzu anlamak i\u00e7in l\u00fctfen a\u015fa\u011f\u0131daki gizlilik politikas\u0131n\u0131 okuyun.<\/p>\n\n<h2 class=\"wp-block-heading\">Toplad\u0131\u011f\u0131m\u0131z bilgiler:<\/h2>\n\n<p>T\u00fcrk Bloglar\u0131n\u0131 ziyaret etti\u011finizde, A\u015fa\u011f\u0131daki bilgileri toplayabiliriz:<\/p>\n\n<ul class=\"wp-block-list\">\n<li><strong>\u0130leti\u015fim Bilgileri:<\/strong> Siteye kay\u0131t oldu\u011funuzda veya form doldurdu\u011funuzda, \u0130sim ve e-posta adresi gibi ileti\u015fim bilgilerini toplayabiliriz.<\/li>\n\n\n\n<li><strong>\u0130zleme Bilgileri:<\/strong> Ziyaret\u00e7ilerin deneyimlerini geli\u015ftirmek amac\u0131yla Siteyi nas\u0131l kulland\u0131klar\u0131n\u0131 anlamak i\u00e7in izleme teknolojilerini kullan\u0131yoruz. Bu bilgiler \u00e7erezleri ve oturum verilerini i\u00e7erebilir.<\/li>\n<\/ul>\n\n<h2 class=\"wp-block-heading\">Bilgileri nas\u0131l kullan\u0131yoruz:<\/h2>\n\n<p>Toplad\u0131\u011f\u0131m\u0131z bilgileri \u00e7e\u015fitli ama\u00e7larla kullan\u0131r\u0131z, Olan:<\/p>\n\n<ul class=\"wp-block-list\">\n<li>Web sitesindeki kullan\u0131c\u0131 deneyiminin iyile\u015ftirilmesi.<\/li>\n\n\n\n<li>Hizmetler ve g\u00fcncellemelerle ilgili mesajlar\u0131n g\u00f6nderilmesi.<\/li>\n\n\n\n<li>Site kullan\u0131m e\u011filimlerini analiz edin ve i\u00e7eri\u011fi iyile\u015ftirin.<\/li>\n<\/ul>\n\n<h2 class=\"wp-block-heading\">Bilgi payla\u015f\u0131m\u0131:<\/h2>\n\n<p>Ki\u015fisel bilgilerinizi izniniz olmadan d\u0131\u015f taraflarla payla\u015fmay\u0131z veya satmay\u0131z. Yasalar gerektirmedik\u00e7e.<\/p>\n\n<h2 class=\"wp-block-heading\">Bilgi korumas\u0131:<\/h2>\n\n<p>Ki\u015fisel bilgilerinizi yetkisiz eri\u015fime, kullan\u0131ma, de\u011fi\u015ftirilmeye veya if\u015fa edilmeye kar\u015f\u0131 korumak i\u00e7in uygun g\u00fcvenlik \u00f6nlemlerini al\u0131yoruz.<\/p>\n\n<h2 class=\"wp-block-heading\">Gizlilik politikas\u0131ndaki g\u00fcncellemeler:<\/h2>\n\n<p>Uygulamalar\u0131m\u0131zdaki de\u011fi\u015fiklikleri yans\u0131tmak veya ba\u015fka nedenlerle bu Gizlilik Politikas\u0131n\u0131 zaman zaman g\u00fcncelleyebiliriz. En son bilgiler i\u00e7in bu sayfay\u0131 d\u00fczenli olarak kontrol etmeniz \u00f6nerilir.<\/p>\n\n<h2 class=\"wp-block-heading\">Bize Ula\u015f\u0131n:<\/h2>\n\n<p>Gizlilik Politikam\u0131z veya bilgileri nas\u0131l i\u015fledi\u011fimiz hakk\u0131nda herhangi bir sorunuz varsa, L\u00fctfen bizimle <a href=\"mailto:info@turkblogs.com\">info@turkblog.com<\/a> adresinden e-posta yoluyla ileti\u015fime ge\u00e7in.<\/p>\n\n<p>T\u00fcrk Bloglar\u0131n\u0131 ziyaret etti\u011finiz i\u00e7in te\u015fekk\u00fcr ederiz!<\/p>\n\n<p><\/p>\n\n<p><\/p>\n\n<p><\/p>\n\n<p><\/p>\n\n<p><\/p>\n","protected":false},"excerpt":{"rendered":"<p>Son g\u00fcncelleme tarihi: 30 Kas\u0131m 2023 Turk Blogs olarak gizlilik haklar\u0131n\u0131z\u0131 \u00f6nemsiyoruz ve bize sa\u011flad\u0131\u011f\u0131n\u0131z bilgileri korumay\u0131 taahh\u00fct ediyoruz. Sitemizi ziyaret etti\u011finizde sa\u011flad\u0131\u011f\u0131n\u0131z ki\u015fisel bilgileri nas\u0131l toplad\u0131\u011f\u0131m\u0131z\u0131, kulland\u0131\u011f\u0131m\u0131z\u0131 ve korudu\u011fumuzu anlamak i\u00e7in l\u00fctfen a\u015fa\u011f\u0131daki gizlilik politikas\u0131n\u0131 okuyun. Toplad\u0131\u011f\u0131m\u0131z bilgiler: T\u00fcrk Bloglar\u0131n\u0131 ziyaret etti\u011finizde, A\u015fa\u011f\u0131daki bilgileri toplayabiliriz: Bilgileri nas\u0131l kullan\u0131yoruz: Toplad\u0131\u011f\u0131m\u0131z bilgileri \u00e7e\u015fitli ama\u00e7larla kullan\u0131r\u0131z, Olan: [&hellip;]<\/p>\n","protected":false},"author":1,"featured_media":0,"parent":0,"menu_order":0,"comment_status":"closed","ping_status":"open","template":"","meta":{"footnotes":""},"class_list":["post-1225","page","type-page","status-publish"],"yoast_head":"<!-- This site is optimized with the Yoast SEO plugin v27.3 - https:\/\/yoast.com\/product\/yoast-seo-wordpress\/ -->\n<title>Gizlilik Politikas\u0131 - Turk Blogs<\/title>\n<meta name=\"robots\" content=\"index, follow, max-snippet:-1, max-image-preview:large, max-video-preview:-1\" \/>\n<link rel=\"canonical\" href=\"https:\/\/turkblogs.com\/tr\/privacy-policy\/\" \/>\n<meta property=\"og:locale\" content=\"tr_TR\" \/>\n<meta property=\"og:type\" content=\"article\" \/>\n<meta property=\"og:title\" content=\"Gizlilik Politikas\u0131 - Turk Blogs\" \/>\n<meta property=\"og:description\" content=\"Son g\u00fcncelleme tarihi: 30 Kas\u0131m 2023 Turk Blogs olarak gizlilik haklar\u0131n\u0131z\u0131 \u00f6nemsiyoruz ve bize sa\u011flad\u0131\u011f\u0131n\u0131z bilgileri korumay\u0131 taahh\u00fct ediyoruz. Sitemizi ziyaret etti\u011finizde sa\u011flad\u0131\u011f\u0131n\u0131z ki\u015fisel bilgileri nas\u0131l toplad\u0131\u011f\u0131m\u0131z\u0131, kulland\u0131\u011f\u0131m\u0131z\u0131 ve korudu\u011fumuzu anlamak i\u00e7in l\u00fctfen a\u015fa\u011f\u0131daki gizlilik politikas\u0131n\u0131 okuyun. Toplad\u0131\u011f\u0131m\u0131z bilgiler: T\u00fcrk Bloglar\u0131n\u0131 ziyaret etti\u011finizde, A\u015fa\u011f\u0131daki bilgileri toplayabiliriz: Bilgileri nas\u0131l kullan\u0131yoruz: Toplad\u0131\u011f\u0131m\u0131z bilgileri \u00e7e\u015fitli ama\u00e7larla kullan\u0131r\u0131z, Olan: [&hellip;]\" \/>\n<meta property=\"og:url\" content=\"https:\/\/turkblogs.com\/tr\/privacy-policy\/\" \/>\n<meta property=\"og:site_name\" content=\"Turk Blogs\" \/>\n<meta property=\"article:publisher\" content=\"https:\/\/www.facebook.com\/profile.php?id=61554105234628\" \/>\n<meta property=\"article:modified_time\" content=\"2023-12-06T13:15:29+00:00\" \/>\n<meta name=\"twitter:card\" content=\"summary_large_image\" \/>\n<meta name=\"twitter:site\" content=\"@turkblogs\" \/>\n<meta name=\"twitter:label1\" content=\"Tahmini okuma s\u00fcresi\" \/>\n\t<meta name=\"twitter:data1\" content=\"2 dakika\" \/>\n<script type=\"application\/ld+json\" class=\"yoast-schema-graph\">{\"@context\":\"https:\\\/\\\/schema.org\",\"@graph\":[{\"@type\":\"WebPage\",\"@id\":\"https:\\\/\\\/turkblogs.com\\\/tr\\\/privacy-policy\\\/\",\"url\":\"https:\\\/\\\/turkblogs.com\\\/tr\\\/privacy-policy\\\/\",\"name\":\"Gizlilik Politikas\u0131 - Turk Blogs\",\"isPartOf\":{\"@id\":\"https:\\\/\\\/turkblogs.com\\\/tr\\\/#website\"},\"datePublished\":\"2023-11-22T10:50:11+00:00\",\"dateModified\":\"2023-12-06T13:15:29+00:00\",\"breadcrumb\":{\"@id\":\"https:\\\/\\\/turkblogs.com\\\/tr\\\/privacy-policy\\\/#breadcrumb\"},\"inLanguage\":\"tr\",\"potentialAction\":[{\"@type\":\"ReadAction\",\"target\":[\"https:\\\/\\\/turkblogs.com\\\/tr\\\/privacy-policy\\\/\"]}]},{\"@type\":\"BreadcrumbList\",\"@id\":\"https:\\\/\\\/turkblogs.com\\\/tr\\\/privacy-policy\\\/#breadcrumb\",\"itemListElement\":[{\"@type\":\"ListItem\",\"position\":1,\"name\":\"\u0627\u0644\u0631\u0626\u064a\u0633\u064a\u0629\",\"item\":\"https:\\\/\\\/turkblogs.com\\\/tr\\\/\"},{\"@type\":\"ListItem\",\"position\":2,\"name\":\"Gizlilik Politikas\u0131\"}]},{\"@type\":\"WebSite\",\"@id\":\"https:\\\/\\\/turkblogs.com\\\/tr\\\/#website\",\"url\":\"https:\\\/\\\/turkblogs.com\\\/tr\\\/\",\"name\":\"Turk Blogs\",\"description\":\"Stay informed with Turk Blogs \u2013 your source for the latest news and insights on Turkey and\u00a0global\u00a0events.\",\"publisher\":{\"@id\":\"https:\\\/\\\/turkblogs.com\\\/tr\\\/#organization\"},\"potentialAction\":[{\"@type\":\"SearchAction\",\"target\":{\"@type\":\"EntryPoint\",\"urlTemplate\":\"https:\\\/\\\/turkblogs.com\\\/tr\\\/?s={search_term_string}\"},\"query-input\":{\"@type\":\"PropertyValueSpecification\",\"valueRequired\":true,\"valueName\":\"search_term_string\"}}],\"inLanguage\":\"tr\"},{\"@type\":\"Organization\",\"@id\":\"https:\\\/\\\/turkblogs.com\\\/tr\\\/#organization\",\"name\":\"Turk Blogs\",\"url\":\"https:\\\/\\\/turkblogs.com\\\/tr\\\/\",\"logo\":{\"@type\":\"ImageObject\",\"inLanguage\":\"tr\",\"@id\":\"https:\\\/\\\/turkblogs.com\\\/tr\\\/#\\\/schema\\\/logo\\\/image\\\/\",\"url\":\"https:\\\/\\\/turkblogs.com\\\/wp-content\\\/uploads\\\/2023\\\/11\\\/tr-blogo-logo-icon.png\",\"contentUrl\":\"https:\\\/\\\/turkblogs.com\\\/wp-content\\\/uploads\\\/2023\\\/11\\\/tr-blogo-logo-icon.png\",\"width\":100,\"height\":100,\"caption\":\"Turk Blogs\"},\"image\":{\"@id\":\"https:\\\/\\\/turkblogs.com\\\/tr\\\/#\\\/schema\\\/logo\\\/image\\\/\"},\"sameAs\":[\"https:\\\/\\\/www.facebook.com\\\/profile.php?id=61554105234628\",\"https:\\\/\\\/x.com\\\/turkblogs\"]}]}<\/script>\n<!-- \/ Yoast SEO plugin. -->","yoast_head_json":{"title":"Gizlilik Politikas\u0131 - Turk Blogs","robots":{"index":"index","follow":"follow","max-snippet":"max-snippet:-1","max-image-preview":"max-image-preview:large","max-video-preview":"max-video-preview:-1"},"canonical":"https:\/\/turkblogs.com\/tr\/privacy-policy\/","og_locale":"tr_TR","og_type":"article","og_title":"Gizlilik Politikas\u0131 - Turk Blogs","og_description":"Son g\u00fcncelleme tarihi: 30 Kas\u0131m 2023 Turk Blogs olarak gizlilik haklar\u0131n\u0131z\u0131 \u00f6nemsiyoruz ve bize sa\u011flad\u0131\u011f\u0131n\u0131z bilgileri korumay\u0131 taahh\u00fct ediyoruz. Sitemizi ziyaret etti\u011finizde sa\u011flad\u0131\u011f\u0131n\u0131z ki\u015fisel bilgileri nas\u0131l toplad\u0131\u011f\u0131m\u0131z\u0131, kulland\u0131\u011f\u0131m\u0131z\u0131 ve korudu\u011fumuzu anlamak i\u00e7in l\u00fctfen a\u015fa\u011f\u0131daki gizlilik politikas\u0131n\u0131 okuyun. Toplad\u0131\u011f\u0131m\u0131z bilgiler: T\u00fcrk Bloglar\u0131n\u0131 ziyaret etti\u011finizde, A\u015fa\u011f\u0131daki bilgileri toplayabiliriz: Bilgileri nas\u0131l kullan\u0131yoruz: Toplad\u0131\u011f\u0131m\u0131z bilgileri \u00e7e\u015fitli ama\u00e7larla kullan\u0131r\u0131z, Olan: [&hellip;]","og_url":"https:\/\/turkblogs.com\/tr\/privacy-policy\/","og_site_name":"Turk Blogs","article_publisher":"https:\/\/www.facebook.com\/profile.php?id=61554105234628","article_modified_time":"2023-12-06T13:15:29+00:00","twitter_card":"summary_large_image","twitter_site":"@turkblogs","twitter_misc":{"Tahmini okuma s\u00fcresi":"2 dakika"},"schema":{"@context":"https:\/\/schema.org","@graph":[{"@type":"WebPage","@id":"https:\/\/turkblogs.com\/tr\/privacy-policy\/","url":"https:\/\/turkblogs.com\/tr\/privacy-policy\/","name":"Gizlilik Politikas\u0131 - Turk Blogs","isPartOf":{"@id":"https:\/\/turkblogs.com\/tr\/#website"},"datePublished":"2023-11-22T10:50:11+00:00","dateModified":"2023-12-06T13:15:29+00:00","breadcrumb":{"@id":"https:\/\/turkblogs.com\/tr\/privacy-policy\/#breadcrumb"},"inLanguage":"tr","potentialAction":[{"@type":"ReadAction","target":["https:\/\/turkblogs.com\/tr\/privacy-policy\/"]}]},{"@type":"BreadcrumbList","@id":"https:\/\/turkblogs.com\/tr\/privacy-policy\/#breadcrumb","itemListElement":[{"@type":"ListItem","position":1,"name":"\u0627\u0644\u0631\u0626\u064a\u0633\u064a\u0629","item":"https:\/\/turkblogs.com\/tr\/"},{"@type":"ListItem","position":2,"name":"Gizlilik Politikas\u0131"}]},{"@type":"WebSite","@id":"https:\/\/turkblogs.com\/tr\/#website","url":"https:\/\/turkblogs.com\/tr\/","name":"Turk Blogs","description":"Stay informed with Turk Blogs \u2013 your source for the latest news and insights on Turkey and\u00a0global\u00a0events.","publisher":{"@id":"https:\/\/turkblogs.com\/tr\/#organization"},"potentialAction":[{"@type":"SearchAction","target":{"@type":"EntryPoint","urlTemplate":"https:\/\/turkblogs.com\/tr\/?s={search_term_string}"},"query-input":{"@type":"PropertyValueSpecification","valueRequired":true,"valueName":"search_term_string"}}],"inLanguage":"tr"},{"@type":"Organization","@id":"https:\/\/turkblogs.com\/tr\/#organization","name":"Turk Blogs","url":"https:\/\/turkblogs.com\/tr\/","logo":{"@type":"ImageObject","inLanguage":"tr","@id":"https:\/\/turkblogs.com\/tr\/#\/schema\/logo\/image\/","url":"https:\/\/turkblogs.com\/wp-content\/uploads\/2023\/11\/tr-blogo-logo-icon.png","contentUrl":"https:\/\/turkblogs.com\/wp-content\/uploads\/2023\/11\/tr-blogo-logo-icon.png","width":100,"height":100,"caption":"Turk Blogs"},"image":{"@id":"https:\/\/turkblogs.com\/tr\/#\/schema\/logo\/image\/"},"sameAs":["https:\/\/www.facebook.com\/profile.php?id=61554105234628","https:\/\/x.com\/turkblogs"]}]}},"_links":{"self":[{"href":"https:\/\/turkblogs.com\/tr\/wp-json\/wp\/v2\/pages\/1225","targetHints":{"allow":["GET"]}}],"collection":[{"href":"https:\/\/turkblogs.com\/tr\/wp-json\/wp\/v2\/pages"}],"about":[{"href":"https:\/\/turkblogs.com\/tr\/wp-json\/wp\/v2\/types\/page"}],"author":[{"embeddable":true,"href":"https:\/\/turkblogs.com\/tr\/wp-json\/wp\/v2\/users\/1"}],"replies":[{"embeddable":true,"href":"https:\/\/turkblogs.com\/tr\/wp-json\/wp\/v2\/comments?post=1225"}],"version-history":[{"count":0,"href":"https:\/\/turkblogs.com\/tr\/wp-json\/wp\/v2\/pages\/1225\/revisions"}],"wp:attachment":[{"href":"https:\/\/turkblogs.com\/tr\/wp-json\/wp\/v2\/media?parent=1225"}],"curies":[{"name":"wp","href":"https:\/\/api.w.org\/{rel}","templated":true}]}}