{"id":1219,"date":"2023-11-30T11:28:53","date_gmt":"2023-11-30T11:28:53","guid":{"rendered":"https:\/\/turkblogs.com\/%d8%a3%d8%aa%d8%b5%d9%84-%d8%a8%d9%86%d8%a7\/"},"modified":"2023-12-06T13:11:06","modified_gmt":"2023-12-06T13:11:06","slug":"%d8%a3%d8%aa%d8%b5%d9%84-%d8%a8%d9%86%d8%a7","status":"publish","type":"page","link":"https:\/\/turkblogs.com\/tr\/%d8%a3%d8%aa%d8%b5%d9%84-%d8%a8%d9%86%d8%a7\/","title":{"rendered":"Bize Ula\u015f\u0131n"},"content":{"rendered":"<div id=\"tdi_1\" class=\"tdc-zone\"><div class=\"tdc_zone tdi_2  wpb_row td-pb-row\"  >\n<style scoped>\n\/* custom css - generated by TagDiv Composer *\/\n\n\/* custom css - generated by TagDiv Composer *\/\n.tdi_2{\r\n                    min-height: 0;\r\n                }\n<\/style><div id=\"tdi_3\" class=\"tdc-row\"><div class=\"vc_row tdi_4  wpb_row td-pb-row\" >\n<style scoped>\n\/* custom css - generated by TagDiv Composer *\/\n\n\/* custom css - generated by TagDiv Composer *\/\n.tdi_4,\r\n                .tdi_4 .tdc-columns{\r\n                    min-height: 0;\r\n                }.tdi_4,\r\n\t\t\t\t.tdi_4 .tdc-columns{\r\n\t\t\t\t    display: block;\r\n\t\t\t\t}.tdi_4 .tdc-columns{\r\n\t\t\t\t    width: 100%;\r\n\t\t\t\t}.tdi_4:before,\r\n\t\t\t\t.tdi_4:after{\r\n\t\t\t\t    display: table;\r\n\t\t\t\t}\n<\/style><div class=\"vc_column tdi_6  wpb_column vc_column_container tdc-column td-pb-span12\">\n<style scoped>\n\/* custom css - generated by TagDiv Composer *\/\n\n\/* custom css - generated by TagDiv Composer *\/\n.tdi_6{\r\n                    vertical-align: baseline;\r\n                }.tdi_6 > .wpb_wrapper,\r\n\t\t\t\t.tdi_6 > .wpb_wrapper > .tdc-elements{\r\n\t\t\t\t    display: block;\r\n\t\t\t\t}.tdi_6 > .wpb_wrapper > .tdc-elements{\r\n\t\t\t\t    width: 100%;\r\n\t\t\t\t}.tdi_6 > .wpb_wrapper > .vc_row_inner{\r\n\t\t\t\t    width: auto;\r\n\t\t\t\t}.tdi_6 > .wpb_wrapper{\r\n\t\t\t\t    width: auto;\r\n\t\t\t\t    height: auto;\r\n\t\t\t\t}\n<\/style><div class=\"wpb_wrapper\" ><div class=\"wpb_wrapper td_block_empty_space td_block_wrap vc_empty_space tdi_8 \"  style=\"height: 32px\"><\/div><div class=\"td_block_wrap tdb_title tdi_9 tdb-page-title td-pb-border-top td_block_template_1\"  data-td-block-uid=\"tdi_9\" >\n<style>\n\/* custom css - generated by TagDiv Composer *\/\n.tdb_title{\r\n                  margin-bottom: 19px;\r\n                }.tdb_title.tdb-content-horiz-center{\r\n                  text-align: center;\r\n                }.tdb_title.tdb-content-horiz-center .tdb-title-line{\r\n                  margin: 0 auto;\r\n                }.tdb_title.tdb-content-horiz-right{\r\n                  text-align: right;\r\n                }.tdb_title.tdb-content-horiz-right .tdb-title-line{\r\n                  margin-left: auto;\r\n                  margin-right: 0;\r\n                }.tdb-title-text{\r\n                  display: inline-block;\r\n                  position: relative;\r\n                  margin: 0;\r\n                  word-wrap: break-word;\r\n                  font-size: 30px;\r\n                  line-height: 38px;\r\n                  font-weight: 700;\r\n                }.tdb-first-letter{\r\n                  position: absolute;\r\n                  -webkit-user-select: none;\r\n                  user-select: none;\r\n                  pointer-events: none;\r\n                  text-transform: uppercase;\r\n                  color: rgba(0, 0, 0, 0.08);\r\n                  font-size: 6em;\r\n                  font-weight: 300;\r\n                  top: 50%;\r\n                  -webkit-transform: translateY(-50%);\r\n                  transform: translateY(-50%);\r\n                  left: -0.36em;\r\n                  z-index: -1;\r\n                  -webkit-text-fill-color: initial;\r\n                }.tdb-title-line{\r\n                  display: none;\r\n                  position: relative;\r\n                }.tdb-title-line:after{\r\n                  content: '';\r\n                  width: 100%;\r\n                  position: absolute;\r\n                  background-color: var(--td_theme_color, #4db2ec);\r\n                  top: 0;\r\n                  left: 0;\r\n                  margin: auto;\r\n                }.tdi_9 .tdb-title-line:after{\r\n\t\t\t\t\theight: 2px;\r\n\t\t\t\t\r\n\t\t\t\t\tbottom: 40%;\r\n\t\t\t\t}.tdi_9 .tdb-title-line{\r\n\t\t\t\t\theight: 50px;\r\n\t\t\t\t\r\n\t\t\t\t\tmargin-left: auto;\r\n\t\t\t\t\tmargin-right: auto;\r\n\t\t\t\t}.td-theme-wrap .tdi_9{\r\n\t\t\t\t\ttext-align: center;\r\n\t\t\t\t}.tdi_9 .tdb-first-letter{\r\n\t\t\t\t\tleft: 0;\r\n\t\t\t\t\tright: 0;\r\n\t\t\t\t}.tdi_9 .tdb-title-text{\r\n\t\t\t\t\tfont-family:Cairo !important;\r\n\t\t\t\t}\n<\/style><div class=\"tdb-block-inner td-fix-index\"><h1 class=\"tdb-title-text\">Sample Page Title<\/h1><div><\/div><div class=\"tdb-title-line\"><\/div><\/div><\/div><div class=\"wpb_wrapper wpb_text_column td_block_wrap td_block_wrap vc_column_text tdi_10  tagdiv-type td-pb-border-top td_block_template_1\"  data-td-block-uid=\"tdi_10\" >\n<style>\n\/* custom css - generated by TagDiv Composer *\/\n.vc_column_text > .td-element-style{\r\n\t\t\t\t\tz-index: -1;\r\n\t\t\t\t}\n<\/style><div class=\"td-fix-index\"><p class=\"wpcf7-contact-form-not-found\"><strong>Hata:<\/strong> \u0130leti\u015fim formu bulunamad\u0131.<\/p>\n<\/div><\/div><\/div><\/div><\/div><\/div><\/div><\/div>","protected":false},"excerpt":{"rendered":"","protected":false},"author":1,"featured_media":0,"parent":0,"menu_order":0,"comment_status":"closed","ping_status":"closed","template":"","meta":{"footnotes":""},"class_list":["post-1219","page","type-page","status-publish"],"yoast_head":"<!-- This site is optimized with the Yoast SEO plugin v27.3 - https:\/\/yoast.com\/product\/yoast-seo-wordpress\/ -->\n<title>Bize Ula\u015f\u0131n - Turk Blogs<\/title>\n<meta name=\"robots\" content=\"index, follow, max-snippet:-1, max-image-preview:large, max-video-preview:-1\" \/>\n<link rel=\"canonical\" href=\"https:\/\/turkblogs.com\/tr\/%d8%a3%d8%aa%d8%b5%d9%84-%d8%a8%d9%86%d8%a7\/\" \/>\n<meta property=\"og:locale\" content=\"tr_TR\" \/>\n<meta property=\"og:type\" content=\"article\" \/>\n<meta property=\"og:title\" content=\"Bize Ula\u015f\u0131n - Turk Blogs\" \/>\n<meta property=\"og:url\" content=\"https:\/\/turkblogs.com\/tr\/%d8%a3%d8%aa%d8%b5%d9%84-%d8%a8%d9%86%d8%a7\/\" \/>\n<meta property=\"og:site_name\" content=\"Turk Blogs\" \/>\n<meta property=\"article:publisher\" content=\"https:\/\/www.facebook.com\/profile.php?id=61554105234628\" \/>\n<meta property=\"article:modified_time\" content=\"2023-12-06T13:11:06+00:00\" \/>\n<meta name=\"twitter:card\" content=\"summary_large_image\" \/>\n<meta name=\"twitter:site\" content=\"@turkblogs\" \/>\n<script type=\"application\/ld+json\" class=\"yoast-schema-graph\">{\"@context\":\"https:\\\/\\\/schema.org\",\"@graph\":[{\"@type\":\"WebPage\",\"@id\":\"https:\\\/\\\/turkblogs.com\\\/tr\\\/%d8%a3%d8%aa%d8%b5%d9%84-%d8%a8%d9%86%d8%a7\\\/\",\"url\":\"https:\\\/\\\/turkblogs.com\\\/tr\\\/%d8%a3%d8%aa%d8%b5%d9%84-%d8%a8%d9%86%d8%a7\\\/\",\"name\":\"Bize Ula\u015f\u0131n - Turk Blogs\",\"isPartOf\":{\"@id\":\"https:\\\/\\\/turkblogs.com\\\/tr\\\/#website\"},\"datePublished\":\"2023-11-30T11:28:53+00:00\",\"dateModified\":\"2023-12-06T13:11:06+00:00\",\"breadcrumb\":{\"@id\":\"https:\\\/\\\/turkblogs.com\\\/tr\\\/%d8%a3%d8%aa%d8%b5%d9%84-%d8%a8%d9%86%d8%a7\\\/#breadcrumb\"},\"inLanguage\":\"tr\",\"potentialAction\":[{\"@type\":\"ReadAction\",\"target\":[\"https:\\\/\\\/turkblogs.com\\\/tr\\\/%d8%a3%d8%aa%d8%b5%d9%84-%d8%a8%d9%86%d8%a7\\\/\"]}]},{\"@type\":\"BreadcrumbList\",\"@id\":\"https:\\\/\\\/turkblogs.com\\\/tr\\\/%d8%a3%d8%aa%d8%b5%d9%84-%d8%a8%d9%86%d8%a7\\\/#breadcrumb\",\"itemListElement\":[{\"@type\":\"ListItem\",\"position\":1,\"name\":\"\u0627\u0644\u0631\u0626\u064a\u0633\u064a\u0629\",\"item\":\"https:\\\/\\\/turkblogs.com\\\/tr\\\/\"},{\"@type\":\"ListItem\",\"position\":2,\"name\":\"Bize Ula\u015f\u0131n\"}]},{\"@type\":\"WebSite\",\"@id\":\"https:\\\/\\\/turkblogs.com\\\/tr\\\/#website\",\"url\":\"https:\\\/\\\/turkblogs.com\\\/tr\\\/\",\"name\":\"Turk Blogs\",\"description\":\"Stay informed with Turk Blogs \u2013 your source for the latest news and insights on Turkey and\u00a0global\u00a0events.\",\"publisher\":{\"@id\":\"https:\\\/\\\/turkblogs.com\\\/tr\\\/#organization\"},\"potentialAction\":[{\"@type\":\"SearchAction\",\"target\":{\"@type\":\"EntryPoint\",\"urlTemplate\":\"https:\\\/\\\/turkblogs.com\\\/tr\\\/?s={search_term_string}\"},\"query-input\":{\"@type\":\"PropertyValueSpecification\",\"valueRequired\":true,\"valueName\":\"search_term_string\"}}],\"inLanguage\":\"tr\"},{\"@type\":\"Organization\",\"@id\":\"https:\\\/\\\/turkblogs.com\\\/tr\\\/#organization\",\"name\":\"Turk Blogs\",\"url\":\"https:\\\/\\\/turkblogs.com\\\/tr\\\/\",\"logo\":{\"@type\":\"ImageObject\",\"inLanguage\":\"tr\",\"@id\":\"https:\\\/\\\/turkblogs.com\\\/tr\\\/#\\\/schema\\\/logo\\\/image\\\/\",\"url\":\"https:\\\/\\\/turkblogs.com\\\/wp-content\\\/uploads\\\/2023\\\/11\\\/tr-blogo-logo-icon.png\",\"contentUrl\":\"https:\\\/\\\/turkblogs.com\\\/wp-content\\\/uploads\\\/2023\\\/11\\\/tr-blogo-logo-icon.png\",\"width\":100,\"height\":100,\"caption\":\"Turk Blogs\"},\"image\":{\"@id\":\"https:\\\/\\\/turkblogs.com\\\/tr\\\/#\\\/schema\\\/logo\\\/image\\\/\"},\"sameAs\":[\"https:\\\/\\\/www.facebook.com\\\/profile.php?id=61554105234628\",\"https:\\\/\\\/x.com\\\/turkblogs\"]}]}<\/script>\n<!-- \/ Yoast SEO plugin. -->","yoast_head_json":{"title":"Bize Ula\u015f\u0131n - Turk Blogs","robots":{"index":"index","follow":"follow","max-snippet":"max-snippet:-1","max-image-preview":"max-image-preview:large","max-video-preview":"max-video-preview:-1"},"canonical":"https:\/\/turkblogs.com\/tr\/%d8%a3%d8%aa%d8%b5%d9%84-%d8%a8%d9%86%d8%a7\/","og_locale":"tr_TR","og_type":"article","og_title":"Bize Ula\u015f\u0131n - Turk Blogs","og_url":"https:\/\/turkblogs.com\/tr\/%d8%a3%d8%aa%d8%b5%d9%84-%d8%a8%d9%86%d8%a7\/","og_site_name":"Turk Blogs","article_publisher":"https:\/\/www.facebook.com\/profile.php?id=61554105234628","article_modified_time":"2023-12-06T13:11:06+00:00","twitter_card":"summary_large_image","twitter_site":"@turkblogs","schema":{"@context":"https:\/\/schema.org","@graph":[{"@type":"WebPage","@id":"https:\/\/turkblogs.com\/tr\/%d8%a3%d8%aa%d8%b5%d9%84-%d8%a8%d9%86%d8%a7\/","url":"https:\/\/turkblogs.com\/tr\/%d8%a3%d8%aa%d8%b5%d9%84-%d8%a8%d9%86%d8%a7\/","name":"Bize Ula\u015f\u0131n - Turk Blogs","isPartOf":{"@id":"https:\/\/turkblogs.com\/tr\/#website"},"datePublished":"2023-11-30T11:28:53+00:00","dateModified":"2023-12-06T13:11:06+00:00","breadcrumb":{"@id":"https:\/\/turkblogs.com\/tr\/%d8%a3%d8%aa%d8%b5%d9%84-%d8%a8%d9%86%d8%a7\/#breadcrumb"},"inLanguage":"tr","potentialAction":[{"@type":"ReadAction","target":["https:\/\/turkblogs.com\/tr\/%d8%a3%d8%aa%d8%b5%d9%84-%d8%a8%d9%86%d8%a7\/"]}]},{"@type":"BreadcrumbList","@id":"https:\/\/turkblogs.com\/tr\/%d8%a3%d8%aa%d8%b5%d9%84-%d8%a8%d9%86%d8%a7\/#breadcrumb","itemListElement":[{"@type":"ListItem","position":1,"name":"\u0627\u0644\u0631\u0626\u064a\u0633\u064a\u0629","item":"https:\/\/turkblogs.com\/tr\/"},{"@type":"ListItem","position":2,"name":"Bize Ula\u015f\u0131n"}]},{"@type":"WebSite","@id":"https:\/\/turkblogs.com\/tr\/#website","url":"https:\/\/turkblogs.com\/tr\/","name":"Turk Blogs","description":"Stay informed with Turk Blogs \u2013 your source for the latest news and insights on Turkey and\u00a0global\u00a0events.","publisher":{"@id":"https:\/\/turkblogs.com\/tr\/#organization"},"potentialAction":[{"@type":"SearchAction","target":{"@type":"EntryPoint","urlTemplate":"https:\/\/turkblogs.com\/tr\/?s={search_term_string}"},"query-input":{"@type":"PropertyValueSpecification","valueRequired":true,"valueName":"search_term_string"}}],"inLanguage":"tr"},{"@type":"Organization","@id":"https:\/\/turkblogs.com\/tr\/#organization","name":"Turk Blogs","url":"https:\/\/turkblogs.com\/tr\/","logo":{"@type":"ImageObject","inLanguage":"tr","@id":"https:\/\/turkblogs.com\/tr\/#\/schema\/logo\/image\/","url":"https:\/\/turkblogs.com\/wp-content\/uploads\/2023\/11\/tr-blogo-logo-icon.png","contentUrl":"https:\/\/turkblogs.com\/wp-content\/uploads\/2023\/11\/tr-blogo-logo-icon.png","width":100,"height":100,"caption":"Turk Blogs"},"image":{"@id":"https:\/\/turkblogs.com\/tr\/#\/schema\/logo\/image\/"},"sameAs":["https:\/\/www.facebook.com\/profile.php?id=61554105234628","https:\/\/x.com\/turkblogs"]}]}},"_links":{"self":[{"href":"https:\/\/turkblogs.com\/tr\/wp-json\/wp\/v2\/pages\/1219","targetHints":{"allow":["GET"]}}],"collection":[{"href":"https:\/\/turkblogs.com\/tr\/wp-json\/wp\/v2\/pages"}],"about":[{"href":"https:\/\/turkblogs.com\/tr\/wp-json\/wp\/v2\/types\/page"}],"author":[{"embeddable":true,"href":"https:\/\/turkblogs.com\/tr\/wp-json\/wp\/v2\/users\/1"}],"replies":[{"embeddable":true,"href":"https:\/\/turkblogs.com\/tr\/wp-json\/wp\/v2\/comments?post=1219"}],"version-history":[{"count":0,"href":"https:\/\/turkblogs.com\/tr\/wp-json\/wp\/v2\/pages\/1219\/revisions"}],"wp:attachment":[{"href":"https:\/\/turkblogs.com\/tr\/wp-json\/wp\/v2\/media?parent=1219"}],"curies":[{"name":"wp","href":"https:\/\/api.w.org\/{rel}","templated":true}]}}